{"id":101,"date":"2014-01-28T14:24:44","date_gmt":"2014-01-28T12:24:44","guid":{"rendered":"http:\/\/www.familiehaertel.de\/?page_id=101"},"modified":"2021-07-21T18:10:22","modified_gmt":"2021-07-21T16:10:22","slug":"home","status":"publish","type":"page","link":"https:\/\/www.familiehaertel.de\/","title":{"rendered":"Home"},"content":{"rendered":"<p>&nbsp;<\/p>\n<div id=\"attachment_1025\" style=\"width: 910px\" class=\"wp-caption aligncenter\"><img loading=\"lazy\" decoding=\"async\" aria-describedby=\"caption-attachment-1025\" class=\"wp-image-1025 size-full\" src=\"http:\/\/www.familiehaertel.de\/wp-content\/uploads\/2021\/07\/Weihnachten1992_Web900.jpg\" alt=\"\" width=\"900\" height=\"632\" srcset=\"https:\/\/www.familiehaertel.de\/wp-content\/uploads\/2021\/07\/Weihnachten1992_Web900.jpg 900w, https:\/\/www.familiehaertel.de\/wp-content\/uploads\/2021\/07\/Weihnachten1992_Web900-300x211.jpg 300w, https:\/\/www.familiehaertel.de\/wp-content\/uploads\/2021\/07\/Weihnachten1992_Web900-768x539.jpg 768w\" sizes=\"auto, (max-width: 900px) 100vw, 900px\" \/><p id=\"caption-attachment-1025\" class=\"wp-caption-text\"><strong><em>Familie H\u00e4rtel, Weihnachten 1992<\/em><\/strong><\/p><\/div>\n<p>Ihr Lieben,<\/p>\n<p>heute sind uns die lebenden Familienmitglieder alle bekannt. Doch bei den Gro\u00dfeltern wird es bei dem einen oder anderen schon schwieriger. Besonders f\u00fcr unsere Kinder und Enkelkinder sind heute die &#8222;Alten&#8220; noch nicht interessant. Aber die Zeit kommt, wo sie doch Fragen z.B. \u00fcber ihre Herkunft oder \u00fcber Opa und Uroma stellen, die wir vielleicht auch nicht mehr beantworten k\u00f6nnen, weil uns die Informationen fehlen. Aus diesem Grund habe ich die Arbeit an einer Familienchronik begonnen.<\/p>\n<p>Abgrenzung:<br \/>\n1. Ich habe mich absichtlich entschlossen keines der in Netz verf\u00fcgbaren Programme anzuwenden, da es weder f\u00fcr die Vorfahren von Vati noch von Mutti so gut wie keine Daten gibt und solch ein Programm eher vergangenheitsorientiert ist. Deshalb ist dieser Stammbaum auch \u00fcberwiegend in die Zukunft gerichtet und stellt 4 Generationen dar. Die wenigen Daten\/Fotos die es \u00fcber unsere Gro\u00dfeltern gibt, werde ich die selbstverst\u00e4ndlich hier unterbringen.<\/p>\n<p>2. Die Darstellung der Verwandten von Angeheirateten erfolgt bei den einzelnen Kindern (Peter, Helga, Wolfgang, Inge) und wird bei den Schwiegereltern enden, sonnst wird das Ganze zu kompliziert. Hier solltet ihr aber bitte deren Fotos und Lebensdaten von Euch geliefert werden.<\/p>\n<p>Ich hoffe die Familie unterst\u00fctzt mich dabei. Neben den Lebensdaten sind Fotos und Dokumente sowie auch kleine oder gr\u00f6\u00dfere Geschichten, Video- und Audiosequenzen gefragt. Ich m\u00f6chte gern f\u00fcr die ersten 3 Generationen (ohne Kleinkinder) eine kleine Fotogalerie von jeden von uns mit ca. 10-15 Fotos einstellen. Sie sollten in etwa die bisherigen Lebensabschnitte darstellen. Also bitte stellt mir entweder die Papierfotos zur Verf\u00fcgung, oder scannt sie in m\u00f6glichst mit einer Aufl\u00f6sung von mindestens 300 dpi.<\/p>\n<p>Diese Seite wird sich sicher im Laufe der Zeit durch eure Mitwirkung entwickeln und auch ver\u00e4ndern. Ihr k\u00f6nnt mir eure Anregungen und \u00c4nderungen am besten per E-Mail (w.haertel@web.de) oder telefonisch unter 07157\/4195 mitteilen.<\/p>\n<p>Das Ziel dieser Arbeit ist es diese Homepage irgendwann auf einen USB-Stick zu speichern und Euch allen zur Verf\u00fcgung zu stellen. Vorschl\u00e4ge und Korrekturen sind gerne gesehen.<\/p>\n<p>Waldenbuch, 27. Januar 2014<br \/>\nLiebe Gr\u00fcsse Wolfgang<\/p>\n<p>&nbsp;<\/p>\n","protected":false},"excerpt":{"rendered":"<p>&nbsp; Ihr Lieben, heute sind uns die lebenden Familienmitglieder alle bekannt. Doch bei den Gro\u00dfeltern wird es bei dem einen oder anderen schon schwieriger. Besonders f\u00fcr unsere Kinder und Enkelkinder sind heute die &#8222;Alten&#8220; noch nicht interessant. Aber die Zeit kommt, wo sie doch Fragen z.B. \u00fcber ihre Herkunft oder \u00fcber Opa und Uroma stellen, [&hellip;]<\/p>\n","protected":false},"author":1,"featured_media":0,"parent":0,"menu_order":1,"comment_status":"closed","ping_status":"closed","template":"","meta":{"footnotes":""},"class_list":["post-101","page","type-page","status-publish","hentry"],"_links":{"self":[{"href":"https:\/\/www.familiehaertel.de\/index.php?rest_route=\/wp\/v2\/pages\/101","targetHints":{"allow":["GET"]}}],"collection":[{"href":"https:\/\/www.familiehaertel.de\/index.php?rest_route=\/wp\/v2\/pages"}],"about":[{"href":"https:\/\/www.familiehaertel.de\/index.php?rest_route=\/wp\/v2\/types\/page"}],"author":[{"embeddable":true,"href":"https:\/\/www.familiehaertel.de\/index.php?rest_route=\/wp\/v2\/users\/1"}],"replies":[{"embeddable":true,"href":"https:\/\/www.familiehaertel.de\/index.php?rest_route=%2Fwp%2Fv2%2Fcomments&post=101"}],"version-history":[{"count":22,"href":"https:\/\/www.familiehaertel.de\/index.php?rest_route=\/wp\/v2\/pages\/101\/revisions"}],"predecessor-version":[{"id":1029,"href":"https:\/\/www.familiehaertel.de\/index.php?rest_route=\/wp\/v2\/pages\/101\/revisions\/1029"}],"wp:attachment":[{"href":"https:\/\/www.familiehaertel.de\/index.php?rest_route=%2Fwp%2Fv2%2Fmedia&parent=101"}],"curies":[{"name":"wp","href":"https:\/\/api.w.org\/{rel}","templated":true}]}}