{"id":239,"date":"2014-02-07T18:33:42","date_gmt":"2014-02-07T16:33:42","guid":{"rendered":"http:\/\/www.familiehaertel.de\/?page_id=239"},"modified":"2014-02-10T15:59:43","modified_gmt":"2014-02-10T13:59:43","slug":"vorfahren-fr-walter-haertel","status":"publish","type":"page","link":"https:\/\/www.familiehaertel.de\/?page_id=239","title":{"rendered":"Vorfahren von Fr. Walter"},"content":{"rendered":"<p style=\"text-align: left;\"><a href=\"http:\/\/www.familiehaertel.de\/wp-admin\/post.php?post=246&amp;action=edit\"><img loading=\"lazy\" decoding=\"async\" class=\"wp-image-247 alignleft\" alt=\"AhnenpassVS\" src=\"http:\/\/www.familiehaertel.de\/wp-content\/uploads\/2014\/02\/AhnenpassVS.jpg\" width=\"98\" height=\"148\" \/><\/a>Leider gibt es nur sehr d\u00fcrftige Informationen \u00fcber die weiteren Generationen unseres Vaters Fritz Walter H\u00e4rtel. Die Angaben stammen \u00fcberwiegend aus dem\u00a0Ahnenpa\u00df der 1940 in Striegau ausgestellt wurde. Die meisten Eintr\u00e4ge wurden vom Standesamt Striegau mit Stempel und Unterschrift best\u00e4tigt. Die Eintragungen v\u00e4terlicherseits (Fritz Walter H\u00e4rtel) reichen bis 1817 (Karl Christian H\u00e4rtel) zur\u00fcck. M\u00fctterlicherseits (Emma Bertha H\u00e4rtel) gibt es Eitragungen die bis 1814 (Johann Gottlieb Girndt) zur\u00fcckreichen.<\/p>\n<p style=\"text-align: left;\">Allgemeine Informationen zur Funktion und Bedeutung des Ahnenpa\u00df im 3. Reich als Nachweis der \u201earischen Abstammung\u201c findet man z.B. bei <a href=\"http:\/\/www.familiehaertel.de\/?page_id=346\">Wikipedia<\/a>.<\/p>\n<p>&nbsp;<br \/>\n<img loading=\"lazy\" decoding=\"async\" src=\"http:\/\/www.familiehaertel.de\/wp-content\/uploads\/2014\/02\/StammbaumFr.W.H.00_100kb1.jpg\" usemap=\"#hi40499\" width=\"833\" height=\"559\" alt=\"click map\" border=\"0\" \/><\/p>\n<map id=\"hi40499\" name=\"hi40499\">\n<area shape=\"rect\" alt=\"Fritz Walter H\u00e4rtel\" title=\"Fritz Walter H\u00e4rtel\" coords=\"655,145,831,238\" href=\"http:\/\/www.familiehaertel.de\/?page_id=6\" target=\"_blank\" \/>\n<area shape=\"rect\" alt=\"Ernst Paul H\u00e4rtel\" title=\"Ernst Paul H\u00e4rtel\" coords=\"436,66,608,163\" href=\"http:\/\/www.familiehaertel.de\/?page_id=261\" target=\"_blank\" \/>\n<area shape=\"rect\" alt=\"Frieda Riesner\" title=\"Frieda Riesner\" coords=\"655,264,829,368\" href=\"http:\/\/www.familiehaertel.de\/?page_id=268\" target=\"_blank\" \/>\n<area shape=\"rect\" alt=\"Emma Bertha H\u00e4rtel\" title=\"Emma Bertha H\u00e4rtel\" coords=\"442,350,604,442\" href=\"http:\/\/www.familiehaertel.de\/?page_id=262\" target=\"_blank\" \/>\n<area shape=\"rect\" alt=\"Karl Christian H\u00e4rtel\" title=\"Karl Christian H\u00e4rtel\" coords=\"220,11,388,102\" href=\"http:\/\/www.familiehaertel.de\/?page_id=264\" target=\"_blank\" \/>\n<area shape=\"rect\" alt=\"Johanne Eleonore H\u00e4rtel\" title=\"Johanne Eleonore H\u00e4rtel\" coords=\"218,129,394,224\" href=\"http:\/\/www.familiehaertel.de\/?page_id=266\" target=\"_blank\" \/>\n<area shape=\"rect\" alt=\"Marie Ernstine Luise Obst\" title=\"Marie Ernstine Luise Obst\" coords=\"226,395,388,495\" href=\"http:\/\/www.familiehaertel.de\/?page_id=372\" target=\"_blank\" \/>\n<area shape=\"rect\" alt=\"Johann Carl Gottlieb Girndt\" title=\"Johann Carl Gottlieb Girndt\" coords=\"220,280,391,373\" href=\"http:\/\/www.familiehaertel.de\/?page_id=370\" target=\"_blank\" \/>\n<area shape=\"rect\" alt=\"Johann Gottlieb Girndt\" title=\"Johann Gottlieb Girndt\" coords=\"5,233,174,323\" href=\"http:\/\/www.familiehaertel.de\/?page_id=374\" target=\"_blank\" \/>\n<area shape=\"rect\" alt=\"Johanna Rosina Leisner\" title=\"Johanna Rosina Leisner\" coords=\"5,339,174,443\" href=\"http:\/\/www.familiehaertel.de\/?page_id=376\" target=\"_blank\" \/>\n<area shape=\"default\" nohref alt=\"\" \/><\/map>\n","protected":false},"excerpt":{"rendered":"<p>Leider gibt es nur sehr d\u00fcrftige Informationen \u00fcber die weiteren Generationen unseres Vaters Fritz Walter H\u00e4rtel. Die Angaben stammen \u00fcberwiegend aus dem\u00a0Ahnenpa\u00df der 1940 in Striegau ausgestellt wurde. Die meisten Eintr\u00e4ge wurden vom Standesamt Striegau mit Stempel und Unterschrift best\u00e4tigt. Die Eintragungen v\u00e4terlicherseits (Fritz Walter H\u00e4rtel) reichen bis 1817 (Karl Christian H\u00e4rtel) zur\u00fcck. M\u00fctterlicherseits (Emma [&hellip;]<\/p>\n","protected":false},"author":1,"featured_media":0,"parent":0,"menu_order":0,"comment_status":"closed","ping_status":"closed","template":"","meta":{"footnotes":""},"class_list":["post-239","page","type-page","status-publish","hentry"],"_links":{"self":[{"href":"https:\/\/www.familiehaertel.de\/index.php?rest_route=\/wp\/v2\/pages\/239","targetHints":{"allow":["GET"]}}],"collection":[{"href":"https:\/\/www.familiehaertel.de\/index.php?rest_route=\/wp\/v2\/pages"}],"about":[{"href":"https:\/\/www.familiehaertel.de\/index.php?rest_route=\/wp\/v2\/types\/page"}],"author":[{"embeddable":true,"href":"https:\/\/www.familiehaertel.de\/index.php?rest_route=\/wp\/v2\/users\/1"}],"replies":[{"embeddable":true,"href":"https:\/\/www.familiehaertel.de\/index.php?rest_route=%2Fwp%2Fv2%2Fcomments&post=239"}],"version-history":[{"count":31,"href":"https:\/\/www.familiehaertel.de\/index.php?rest_route=\/wp\/v2\/pages\/239\/revisions"}],"predecessor-version":[{"id":380,"href":"https:\/\/www.familiehaertel.de\/index.php?rest_route=\/wp\/v2\/pages\/239\/revisions\/380"}],"wp:attachment":[{"href":"https:\/\/www.familiehaertel.de\/index.php?rest_route=%2Fwp%2Fv2%2Fmedia&parent=239"}],"curies":[{"name":"wp","href":"https:\/\/api.w.org\/{rel}","templated":true}]}}